{"id":11371,"date":"2023-02-24T23:34:38","date_gmt":"2023-02-24T23:34:38","guid":{"rendered":"https:\/\/iamsa.com.mx\/?page_id=11371"},"modified":"2024-04-10T09:09:30","modified_gmt":"2024-04-10T16:09:30","slug":"sustainability","status":"publish","type":"page","link":"https:\/\/iamsa.com.mx\/es\/sustainability\/","title":{"rendered":"Sustentabilidad"},"content":{"rendered":"\t\t<div data-elementor-type=\"wp-page\" data-elementor-id=\"11371\" class=\"elementor elementor-11371\" data-elementor-post-type=\"page\">\n\t\t\t\t\t\t<section class=\"elementor-section elementor-top-section elementor-element elementor-element-996427f elementor-section-height-min-height elementor-section-boxed elementor-section-height-default elementor-section-items-middle\" data-id=\"996427f\" data-element_type=\"section\" data-e-type=\"section\" data-settings=\"{&quot;background_background&quot;:&quot;classic&quot;,&quot;jet_parallax_layout_list&quot;:[{&quot;jet_parallax_layout_image&quot;:{&quot;url&quot;:&quot;&quot;,&quot;id&quot;:&quot;&quot;,&quot;size&quot;:&quot;&quot;},&quot;_id&quot;:&quot;71494e4&quot;,&quot;jet_parallax_layout_image_tablet&quot;:{&quot;url&quot;:&quot;&quot;,&quot;id&quot;:&quot;&quot;,&quot;size&quot;:&quot;&quot;},&quot;jet_parallax_layout_image_mobile&quot;:{&quot;url&quot;:&quot;&quot;,&quot;id&quot;:&quot;&quot;,&quot;size&quot;:&quot;&quot;},&quot;jet_parallax_layout_speed&quot;:{&quot;unit&quot;:&quot;%&quot;,&quot;size&quot;:50,&quot;sizes&quot;:[]},&quot;jet_parallax_layout_type&quot;:&quot;scroll&quot;,&quot;jet_parallax_layout_direction&quot;:&quot;1&quot;,&quot;jet_parallax_layout_fx_direction&quot;:null,&quot;jet_parallax_layout_z_index&quot;:&quot;&quot;,&quot;jet_parallax_layout_bg_x&quot;:50,&quot;jet_parallax_layout_bg_x_tablet&quot;:&quot;&quot;,&quot;jet_parallax_layout_bg_x_mobile&quot;:&quot;&quot;,&quot;jet_parallax_layout_bg_y&quot;:50,&quot;jet_parallax_layout_bg_y_tablet&quot;:&quot;&quot;,&quot;jet_parallax_layout_bg_y_mobile&quot;:&quot;&quot;,&quot;jet_parallax_layout_bg_size&quot;:&quot;auto&quot;,&quot;jet_parallax_layout_bg_size_tablet&quot;:&quot;&quot;,&quot;jet_parallax_layout_bg_size_mobile&quot;:&quot;&quot;,&quot;jet_parallax_layout_animation_prop&quot;:&quot;transform&quot;,&quot;jet_parallax_layout_on&quot;:[&quot;desktop&quot;,&quot;tablet&quot;]}]}\">\n\t\t\t\t\t\t\t<div class=\"elementor-background-overlay\"><\/div>\n\t\t\t\t\t\t\t<div class=\"elementor-container elementor-column-gap-wider\">\n\t\t\t\t\t<div class=\"elementor-column elementor-col-100 elementor-top-column elementor-element elementor-element-415a88fd\" data-id=\"415a88fd\" data-element_type=\"column\" data-e-type=\"column\">\n\t\t\t<div class=\"elementor-widget-wrap elementor-element-populated\">\n\t\t\t\t\t\t<div class=\"elementor-element elementor-element-67778251 elementor-invisible elementor-widget elementor-widget-heading\" data-id=\"67778251\" data-element_type=\"widget\" data-e-type=\"widget\" data-settings=\"{&quot;_animation&quot;:&quot;fadeInDown&quot;}\" data-widget_type=\"heading.default\">\n\t\t\t\t<div class=\"elementor-widget-container\">\n\t\t\t\t\t<h1 class=\"elementor-heading-title elementor-size-default\">Sustainability<\/h1>\t\t\t\t<\/div>\n\t\t\t\t<\/div>\n\t\t\t\t\t<\/div>\n\t\t<\/div>\n\t\t\t\t\t<\/div>\n\t\t<\/section>\n\t\t\t\t<section class=\"elementor-section elementor-top-section elementor-element elementor-element-35c65119 elementor-section-boxed elementor-section-height-default elementor-section-height-default\" data-id=\"35c65119\" data-element_type=\"section\" data-e-type=\"section\" data-settings=\"{&quot;jet_parallax_layout_list&quot;:[{&quot;_id&quot;:&quot;f984662&quot;,&quot;jet_parallax_layout_image&quot;:{&quot;url&quot;:&quot;&quot;,&quot;id&quot;:&quot;&quot;,&quot;size&quot;:&quot;&quot;},&quot;jet_parallax_layout_image_tablet&quot;:{&quot;url&quot;:&quot;&quot;,&quot;id&quot;:&quot;&quot;,&quot;size&quot;:&quot;&quot;},&quot;jet_parallax_layout_image_mobile&quot;:{&quot;url&quot;:&quot;&quot;,&quot;id&quot;:&quot;&quot;,&quot;size&quot;:&quot;&quot;},&quot;jet_parallax_layout_speed&quot;:{&quot;unit&quot;:&quot;%&quot;,&quot;size&quot;:50,&quot;sizes&quot;:[]},&quot;jet_parallax_layout_type&quot;:&quot;scroll&quot;,&quot;jet_parallax_layout_direction&quot;:&quot;1&quot;,&quot;jet_parallax_layout_fx_direction&quot;:null,&quot;jet_parallax_layout_z_index&quot;:&quot;&quot;,&quot;jet_parallax_layout_bg_x&quot;:50,&quot;jet_parallax_layout_bg_x_tablet&quot;:&quot;&quot;,&quot;jet_parallax_layout_bg_x_mobile&quot;:&quot;&quot;,&quot;jet_parallax_layout_bg_y&quot;:50,&quot;jet_parallax_layout_bg_y_tablet&quot;:&quot;&quot;,&quot;jet_parallax_layout_bg_y_mobile&quot;:&quot;&quot;,&quot;jet_parallax_layout_bg_size&quot;:&quot;auto&quot;,&quot;jet_parallax_layout_bg_size_tablet&quot;:&quot;&quot;,&quot;jet_parallax_layout_bg_size_mobile&quot;:&quot;&quot;,&quot;jet_parallax_layout_animation_prop&quot;:&quot;transform&quot;,&quot;jet_parallax_layout_on&quot;:[&quot;desktop&quot;,&quot;tablet&quot;]}]}\">\n\t\t\t\t\t\t<div class=\"elementor-container elementor-column-gap-default\">\n\t\t\t\t\t<div class=\"elementor-column elementor-col-50 elementor-top-column elementor-element elementor-element-2f4571ef\" data-id=\"2f4571ef\" data-element_type=\"column\" data-e-type=\"column\">\n\t\t\t<div class=\"elementor-widget-wrap elementor-element-populated\">\n\t\t\t\t\t\t<div class=\"elementor-element elementor-element-3b7476a4 elementor-hidden-phone elementor-hidden-tablet elementor-invisible elementor-widget elementor-widget-image\" data-id=\"3b7476a4\" data-element_type=\"widget\" data-e-type=\"widget\" data-settings=\"{&quot;_animation&quot;:&quot;fadeInLeft&quot;}\" data-widget_type=\"image.default\">\n\t\t\t\t<div class=\"elementor-widget-container\">\n\t\t\t\t\t\t\t\t\t\t\t\t\t\t\t<img fetchpriority=\"high\" decoding=\"async\" width=\"683\" height=\"1024\" src=\"https:\/\/www.iamsa.com.mx\/wp-content\/uploads\/2021\/05\/Mexicali-Las-Californias-III-y-CH-9-of-21-vert-683x1024.jpg\" class=\"attachment-large size-large wp-image-2066\" alt=\"\" srcset=\"https:\/\/iamsa.com.mx\/wp-content\/uploads\/2021\/05\/Mexicali-Las-Californias-III-y-CH-9-of-21-vert-683x1024.jpg 683w, https:\/\/iamsa.com.mx\/wp-content\/uploads\/2021\/05\/Mexicali-Las-Californias-III-y-CH-9-of-21-vert-200x300.jpg 200w, https:\/\/iamsa.com.mx\/wp-content\/uploads\/2021\/05\/Mexicali-Las-Californias-III-y-CH-9-of-21-vert-768x1152.jpg 768w, https:\/\/iamsa.com.mx\/wp-content\/uploads\/2021\/05\/Mexicali-Las-Californias-III-y-CH-9-of-21-vert-1024x1536.jpg 1024w, https:\/\/iamsa.com.mx\/wp-content\/uploads\/2021\/05\/Mexicali-Las-Californias-III-y-CH-9-of-21-vert-1366x2048.jpg 1366w, https:\/\/iamsa.com.mx\/wp-content\/uploads\/2021\/05\/Mexicali-Las-Californias-III-y-CH-9-of-21-vert-scaled.jpg 1707w\" sizes=\"(max-width: 683px) 100vw, 683px\" \/>\t\t\t\t\t\t\t\t\t\t\t\t\t\t\t<\/div>\n\t\t\t\t<\/div>\n\t\t\t\t\t<\/div>\n\t\t<\/div>\n\t\t\t\t<div class=\"elementor-column elementor-col-50 elementor-top-column elementor-element elementor-element-7ff6beea\" data-id=\"7ff6beea\" data-element_type=\"column\" data-e-type=\"column\">\n\t\t\t<div class=\"elementor-widget-wrap elementor-element-populated\">\n\t\t\t\t\t\t<div class=\"elementor-element elementor-element-0f9cb60 elementor-invisible elementor-widget elementor-widget-heading\" data-id=\"0f9cb60\" data-element_type=\"widget\" data-e-type=\"widget\" data-settings=\"{&quot;_animation&quot;:&quot;fadeInDown&quot;}\" data-widget_type=\"heading.default\">\n\t\t\t\t<div class=\"elementor-widget-container\">\n\t\t\t\t\t<h2 class=\"elementor-heading-title elementor-size-default\">Sustainable Industrial parks and buildings with High-Quality Standards<\/h2>\t\t\t\t<\/div>\n\t\t\t\t<\/div>\n\t\t\t\t<div class=\"elementor-element elementor-element-1dbd73d0 elementor-widget elementor-widget-text-editor\" data-id=\"1dbd73d0\" data-element_type=\"widget\" data-e-type=\"widget\" data-widget_type=\"text-editor.default\">\n\t\t\t\t<div class=\"elementor-widget-container\">\n\t\t\t\t\t\t\t\t\t<p>At IAMSA Development Group, we are dedicated to delivering industrial buildings that meet the highest standards of <strong>quality, sustainability, and technology<\/strong>. Each of our buildings comes equipped with outstanding features that make them stand out from the rest. Our<strong> 7-inch tilt-up concrete walls<\/strong> provide greater durability, require less maintenance, and present a professional image that sets us apart.<\/p><p>Our buildings are also designed to ensure optimal lighting and temperature control. We have included <strong>windows on the sides<\/strong>, allowing natural light to enter and ventilation systems to keep the inside of the building cool. Additionally, we have installed <strong>fiberglass insulation<\/strong> in the roof to help maintain a comfortable temperature and reduce energy consumption. The use of <strong>4% acrylic skylights<\/strong> further enhances the natural lighting in our buildings, reducing electricity costs and contributing to our eco-friendly approach.<\/p><p>We believe in sustainable development and are committed to minimizing our impact on the environment. Our buildings feature production <strong>bathrooms equipped with sensor<\/strong> taps, bins, and soap dispensers to minimize water and paper waste. Furthermore, our<strong> LED lighting<\/strong> is not only energy-efficient but also reduces maintenance costs. We also utilize <strong>photocells<\/strong> for public lighting to further minimize electricity consumption.<\/p><p>At IAMSA Development Group, we take pride in offering innovative and intelligent solutions that meet our clients&#8217; needs. Learn more about our high-quality industrial parks and certifications.<\/p>\t\t\t\t\t\t\t\t<\/div>\n\t\t\t\t<\/div>\n\t\t\t\t\t<\/div>\n\t\t<\/div>\n\t\t\t\t\t<\/div>\n\t\t<\/section>\n\t\t\t\t<section class=\"elementor-section elementor-top-section elementor-element elementor-element-24962dc4 elementor-section-boxed elementor-section-height-default elementor-section-height-default\" data-id=\"24962dc4\" data-element_type=\"section\" data-e-type=\"section\" data-settings=\"{&quot;background_background&quot;:&quot;classic&quot;,&quot;jet_parallax_layout_list&quot;:[{&quot;_id&quot;:&quot;1fc07d8&quot;,&quot;jet_parallax_layout_image&quot;:{&quot;url&quot;:&quot;&quot;,&quot;id&quot;:&quot;&quot;,&quot;size&quot;:&quot;&quot;},&quot;jet_parallax_layout_image_tablet&quot;:{&quot;url&quot;:&quot;&quot;,&quot;id&quot;:&quot;&quot;,&quot;size&quot;:&quot;&quot;},&quot;jet_parallax_layout_image_mobile&quot;:{&quot;url&quot;:&quot;&quot;,&quot;id&quot;:&quot;&quot;,&quot;size&quot;:&quot;&quot;},&quot;jet_parallax_layout_speed&quot;:{&quot;unit&quot;:&quot;%&quot;,&quot;size&quot;:50,&quot;sizes&quot;:[]},&quot;jet_parallax_layout_type&quot;:&quot;scroll&quot;,&quot;jet_parallax_layout_direction&quot;:&quot;1&quot;,&quot;jet_parallax_layout_fx_direction&quot;:null,&quot;jet_parallax_layout_z_index&quot;:&quot;&quot;,&quot;jet_parallax_layout_bg_x&quot;:50,&quot;jet_parallax_layout_bg_x_tablet&quot;:&quot;&quot;,&quot;jet_parallax_layout_bg_x_mobile&quot;:&quot;&quot;,&quot;jet_parallax_layout_bg_y&quot;:50,&quot;jet_parallax_layout_bg_y_tablet&quot;:&quot;&quot;,&quot;jet_parallax_layout_bg_y_mobile&quot;:&quot;&quot;,&quot;jet_parallax_layout_bg_size&quot;:&quot;auto&quot;,&quot;jet_parallax_layout_bg_size_tablet&quot;:&quot;&quot;,&quot;jet_parallax_layout_bg_size_mobile&quot;:&quot;&quot;,&quot;jet_parallax_layout_animation_prop&quot;:&quot;transform&quot;,&quot;jet_parallax_layout_on&quot;:[&quot;desktop&quot;,&quot;tablet&quot;]}]}\">\n\t\t\t\t\t\t<div class=\"elementor-container elementor-column-gap-extended\">\n\t\t\t\t\t<div class=\"elementor-column elementor-col-100 elementor-top-column elementor-element elementor-element-47af3671\" data-id=\"47af3671\" data-element_type=\"column\" data-e-type=\"column\">\n\t\t\t<div class=\"elementor-widget-wrap elementor-element-populated\">\n\t\t\t\t\t\t<div class=\"elementor-element elementor-element-7cc48d77 elementor-invisible elementor-widget elementor-widget-heading\" data-id=\"7cc48d77\" data-element_type=\"widget\" data-e-type=\"widget\" data-settings=\"{&quot;_animation&quot;:&quot;fadeInDown&quot;}\" data-widget_type=\"heading.default\">\n\t\t\t\t<div class=\"elementor-widget-container\">\n\t\t\t\t\t<h2 class=\"elementor-heading-title elementor-size-default\">Certifications<\/h2>\t\t\t\t<\/div>\n\t\t\t\t<\/div>\n\t\t\t\t<div class=\"elementor-element elementor-element-7dbc6053 elementor-invisible elementor-widget elementor-widget-text-editor\" data-id=\"7dbc6053\" data-element_type=\"widget\" data-e-type=\"widget\" data-settings=\"{&quot;_animation&quot;:&quot;fadeInDown&quot;}\" data-widget_type=\"text-editor.default\">\n\t\t\t\t<div class=\"elementor-widget-container\">\n\t\t\t\t\t\t\t\t\t<p>Our current and potential customers are sure to deal with an Industrial Park legally constituted and certified by a private company and endorsed by the Federal Government.<\/p>\t\t\t\t\t\t\t\t<\/div>\n\t\t\t\t<\/div>\n\t\t\t\t<div class=\"elementor-element elementor-element-6fa7c1ec elementor-widget elementor-widget-jet-carousel\" data-id=\"6fa7c1ec\" data-element_type=\"widget\" data-e-type=\"widget\" data-settings=\"{&quot;slides_to_show&quot;:&quot;5&quot;,&quot;slides_to_scroll&quot;:&quot;1&quot;}\" data-widget_type=\"jet-carousel.default\">\n\t\t\t\t<div class=\"elementor-widget-container\">\n\t\t\t\t\t<div class=\"elementor-jet-carousel jet-elements\"><div class=\"jet-carousel-wrap jet-equal-cols\">\n\t<div class=\"jet-carousel\" data-slider_options=\"{&quot;autoplaySpeed&quot;:5000,&quot;autoplay&quot;:true,&quot;infinite&quot;:true,&quot;centerMode&quot;:false,&quot;centerPadding&quot;:&quot;50px&quot;,&quot;pauseOnHover&quot;:true,&quot;speed&quot;:500,&quot;arrows&quot;:false,&quot;dots&quot;:false,&quot;variableWidth&quot;:false,&quot;prevArrow&quot;:&quot;.jet-carousel__prev-arrow-6fa7c1ec&quot;,&quot;nextArrow&quot;:&quot;.jet-carousel__next-arrow-6fa7c1ec&quot;,&quot;rtl&quot;:false,&quot;fractionNav&quot;:false}\" dir=\"ltr\">\n\t<div class=\"elementor-slick-slider\">\n\n<div class=\"jet-carousel__item\">\n\t<div class=\"jet-carousel__item-inner\"><a href=\"#\" class=\"jet-carousel__item-link\" ><img decoding=\"async\" src=\"https:\/\/iamsa.com.mx\/wp-content\/uploads\/2023\/02\/AMPIP.jpg\" class=\"jet-carousel__item-img\" alt=\"AMPIP\" loading=\"lazy\"><\/a><div class=\"jet-carousel__content\"><h5 class=\"jet-carousel__item-title\">Norma Mexicana de Parques Industriales NMX-R-046-SCFI-2011.<\/h5><div class=\"jet-carousel__item-text\"><p>Endorsed by Asociaci\u00f3n Mexicana de Parques Industriales (AMPIP)<\/p><\/div><a class=\"elementor-button elementor-size-md jet-carousel__item-button\" href=\"#\">www.ampip.org.mx<\/a><\/div><\/div>\n<\/div>\n\n<div class=\"jet-carousel__item\">\n\t<div class=\"jet-carousel__item-inner\"><a href=\"#\" class=\"jet-carousel__item-link\" ><img decoding=\"async\" src=\"https:\/\/iamsa.com.mx\/wp-content\/uploads\/2024\/04\/usgbc-membership-logo-e1712764851715.png\" class=\"jet-carousel__item-img\" alt=\"usgbc-membership-logo\" loading=\"lazy\"><\/a><div class=\"jet-carousel__content\"><h5 class=\"jet-carousel__item-title\">Leadership in Energy & Environmental Design (LEED)<\/h5><div class=\"jet-carousel__item-text\"><p>Endorsed by U.S. Green Building Council<\/p><\/div><a class=\"elementor-button elementor-size-md jet-carousel__item-button\" href=\"#\">www.usgbc.org<\/a><\/div><\/div>\n<\/div>\n\n<div class=\"jet-carousel__item\">\n\t<div class=\"jet-carousel__item-inner\"><a href=\"www.ampip.org.mx\" class=\"jet-carousel__item-link\" ><img decoding=\"async\" src=\"https:\/\/iamsa.com.mx\/wp-content\/uploads\/2023\/02\/greenpark.png\" class=\"jet-carousel__item-img\" alt=\"greenpark\" loading=\"lazy\"><\/a><div class=\"jet-carousel__content\"><h5 class=\"jet-carousel__item-title\">Green Industrial Park<\/h5><div class=\"jet-carousel__item-text\"><p>Endorsed by la Asociaci\u00f3n Mexicana de Parques Industriales (AMPIP)<\/p><\/div><a class=\"elementor-button elementor-size-md jet-carousel__item-button\" href=\"www.ampip.org.mx\">www.ampip.org.mx<\/a><\/div><\/div>\n<\/div>\n\n<div class=\"jet-carousel__item\">\n\t<div class=\"jet-carousel__item-inner\"><a href=\"#\" class=\"jet-carousel__item-link\" ><img decoding=\"async\" src=\"https:\/\/iamsa.com.mx\/wp-content\/uploads\/2023\/02\/ERS-logo.jpg\" class=\"jet-carousel__item-img\" alt=\"ERS-logo\" loading=\"lazy\"><\/a><div class=\"jet-carousel__content\"><h5 class=\"jet-carousel__item-title\">Socially Responsible Company.<\/h5><div class=\"jet-carousel__item-text\"><p>Endorsed by Instituto Mexicano de Filantrop\u00eda<\/p><\/div><a class=\"elementor-button elementor-size-md jet-carousel__item-button\" href=\"#\">www.cemefi.org<\/a><\/div><\/div>\n<\/div>\n\n<div class=\"jet-carousel__item\">\n\t<div class=\"jet-carousel__item-inner\"><a href=\"#\" class=\"jet-carousel__item-link\" ><img decoding=\"async\" src=\"https:\/\/iamsa.com.mx\/wp-content\/uploads\/2023\/02\/conuee-logo.jpg\" class=\"jet-carousel__item-img\" alt=\"conuee-logo\" loading=\"lazy\"><\/a><div class=\"jet-carousel__content\"><h5 class=\"jet-carousel__item-title\">NOM-008-ENER-2001 Energy efficiency in buildings (Thermal envelope)<\/h5><div class=\"jet-carousel__item-text\"><p>Endorsed by Comisi\u00f3n Nacional para el Uso Eficiente de la Energ\u00eda<\/p><\/div><a class=\"elementor-button elementor-size-md jet-carousel__item-button\" href=\"#\">www.conuee.gob.mx<\/a><\/div><\/div>\n<\/div>\n<\/div><\/div>\n<\/div>\n<\/div>\t\t\t\t<\/div>\n\t\t\t\t<\/div>\n\t\t\t\t\t<\/div>\n\t\t<\/div>\n\t\t\t\t\t<\/div>\n\t\t<\/section>\n\t\t\t\t<\/div>\n\t\t","protected":false},"excerpt":{"rendered":"<p>Sustainability Sustainable Industrial parks and buildings with High-Quality Standards At IAMSA Development Group, we are dedicated to delivering industrial buildings that meet the highest standards of quality, sustainability, and technology. Each of our buildings comes equipped with outstanding features that make them stand out from the rest. Our 7-inch tilt-up concrete walls provide greater durability, [&hellip;]<\/p>\n","protected":false},"author":2,"featured_media":0,"parent":0,"menu_order":0,"comment_status":"closed","ping_status":"closed","template":"","meta":{"footnotes":""},"class_list":["post-11371","page","type-page","status-publish","hentry"],"yoast_head":"<!-- This site is optimized with the Yoast SEO plugin v27.0 - https:\/\/yoast.com\/product\/yoast-seo-wordpress\/ -->\n<title>IAMSA Development Group - Firm of Industrial Parks &amp; Buildings<\/title>\n<meta name=\"description\" content=\"Development Firm of Industrial Parks &amp; Buildings with available spaces in Mexicali, Tijuana, Hermosillo and Queretaro.\" \/>\n<meta name=\"robots\" content=\"index, follow, max-snippet:-1, max-image-preview:large, max-video-preview:-1\" \/>\n<link rel=\"canonical\" href=\"https:\/\/iamsa.com.mx\/es\/sustainability\/\" \/>\n<meta property=\"og:locale\" content=\"es_MX\" \/>\n<meta property=\"og:type\" content=\"article\" \/>\n<meta property=\"og:title\" content=\"IAMSA Development Group - Firm of Industrial Parks &amp; Buildings\" \/>\n<meta property=\"og:description\" content=\"Development Firm of Industrial Parks &amp; Buildings with available spaces in Mexicali, Tijuana, Hermosillo and Queretaro.\" \/>\n<meta property=\"og:url\" content=\"https:\/\/iamsa.com.mx\/es\/sustainability\/\" \/>\n<meta property=\"og:site_name\" content=\"IAMSA\" \/>\n<meta property=\"article:modified_time\" content=\"2024-04-10T16:09:30+00:00\" \/>\n<meta property=\"og:image\" content=\"https:\/\/iamsa.com.mx\/wp-content\/uploads\/2021\/05\/Mexicali-Las-Californias-III-y-CH-9-of-21-vert-683x1024.jpg\" \/>\n<meta name=\"twitter:card\" content=\"summary_large_image\" \/>\n<meta name=\"twitter:label1\" content=\"Tiempo de lectura\" \/>\n\t<meta name=\"twitter:data1\" content=\"8 minutos\" \/>\n<script type=\"application\/ld+json\" class=\"yoast-schema-graph\">{\"@context\":\"https:\/\/schema.org\",\"@graph\":[{\"@type\":\"WebPage\",\"@id\":\"https:\/\/iamsa.com.mx\/sustainability\/\",\"url\":\"https:\/\/iamsa.com.mx\/sustainability\/\",\"name\":\"IAMSA Development Group - Firm of Industrial Parks & Buildings\",\"isPartOf\":{\"@id\":\"https:\/\/iamsa.com.mx\/#website\"},\"primaryImageOfPage\":{\"@id\":\"https:\/\/iamsa.com.mx\/sustainability\/#primaryimage\"},\"image\":{\"@id\":\"https:\/\/iamsa.com.mx\/sustainability\/#primaryimage\"},\"thumbnailUrl\":\"https:\/\/iamsa.com.mx\/wp-content\/uploads\/2021\/05\/Mexicali-Las-Californias-III-y-CH-9-of-21-vert-683x1024.jpg\",\"datePublished\":\"2023-02-24T23:34:38+00:00\",\"dateModified\":\"2024-04-10T16:09:30+00:00\",\"description\":\"Development Firm of Industrial Parks & Buildings with available spaces in Mexicali, Tijuana, Hermosillo and Queretaro.\",\"breadcrumb\":{\"@id\":\"https:\/\/iamsa.com.mx\/sustainability\/#breadcrumb\"},\"inLanguage\":\"es\",\"potentialAction\":[{\"@type\":\"ReadAction\",\"target\":[\"https:\/\/iamsa.com.mx\/sustainability\/\"]}]},{\"@type\":\"ImageObject\",\"inLanguage\":\"es\",\"@id\":\"https:\/\/iamsa.com.mx\/sustainability\/#primaryimage\",\"url\":\"https:\/\/iamsa.com.mx\/wp-content\/uploads\/2021\/05\/Mexicali-Las-Californias-III-y-CH-9-of-21-vert-683x1024.jpg\",\"contentUrl\":\"https:\/\/iamsa.com.mx\/wp-content\/uploads\/2021\/05\/Mexicali-Las-Californias-III-y-CH-9-of-21-vert-683x1024.jpg\"},{\"@type\":\"BreadcrumbList\",\"@id\":\"https:\/\/iamsa.com.mx\/sustainability\/#breadcrumb\",\"itemListElement\":[{\"@type\":\"ListItem\",\"position\":1,\"name\":\"Home\",\"item\":\"https:\/\/iamsa.com.mx\/\"},{\"@type\":\"ListItem\",\"position\":2,\"name\":\"Sustainability\"}]},{\"@type\":\"WebSite\",\"@id\":\"https:\/\/iamsa.com.mx\/#website\",\"url\":\"https:\/\/iamsa.com.mx\/\",\"name\":\"IAMSA\",\"description\":\"Development Group\",\"potentialAction\":[{\"@type\":\"SearchAction\",\"target\":{\"@type\":\"EntryPoint\",\"urlTemplate\":\"https:\/\/iamsa.com.mx\/?s={search_term_string}\"},\"query-input\":{\"@type\":\"PropertyValueSpecification\",\"valueRequired\":true,\"valueName\":\"search_term_string\"}}],\"inLanguage\":\"es\"}]}<\/script>\n<!-- \/ Yoast SEO plugin. -->","yoast_head_json":{"title":"IAMSA Development Group - Desarrollador de parques y naves industriales en M\u00e9xico","description":"Naves industriales disponibles en Mexicali, Tijuana, Hermosillo y Queretaro con los m\u00e1s altos est\u00e1ndares de calidad.","robots":{"index":"index","follow":"follow","max-snippet":"max-snippet:-1","max-image-preview":"max-image-preview:large","max-video-preview":"max-video-preview:-1"},"canonical":"https:\/\/iamsa.com.mx\/es\/sustainability\/","og_locale":"es_MX","og_type":"article","og_title":"IAMSA Development Group - Firm of Industrial Parks & Buildings","og_description":"Development Firm of Industrial Parks & Buildings with available spaces in Mexicali, Tijuana, Hermosillo and Queretaro.","og_url":"https:\/\/iamsa.com.mx\/es\/sustainability\/","og_site_name":"IAMSA","article_modified_time":"2024-04-10T16:09:30+00:00","og_image":[{"url":"https:\/\/iamsa.com.mx\/wp-content\/uploads\/2021\/05\/Mexicali-Las-Californias-III-y-CH-9-of-21-vert-683x1024.jpg","type":"","width":"","height":""}],"twitter_card":"summary_large_image","twitter_misc":{"Tiempo de lectura":"8 minutos"},"schema":{"@context":"https:\/\/schema.org","@graph":[{"@type":"WebPage","@id":"https:\/\/iamsa.com.mx\/sustainability\/","url":"https:\/\/iamsa.com.mx\/sustainability\/","name":"IAMSA Development Group - Desarrollador de parques y naves industriales en M\u00e9xico","isPartOf":{"@id":"https:\/\/iamsa.com.mx\/#website"},"primaryImageOfPage":{"@id":"https:\/\/iamsa.com.mx\/sustainability\/#primaryimage"},"image":{"@id":"https:\/\/iamsa.com.mx\/sustainability\/#primaryimage"},"thumbnailUrl":"https:\/\/iamsa.com.mx\/wp-content\/uploads\/2021\/05\/Mexicali-Las-Californias-III-y-CH-9-of-21-vert-683x1024.jpg","datePublished":"2023-02-24T23:34:38+00:00","dateModified":"2024-04-10T16:09:30+00:00","description":"Naves industriales disponibles en Mexicali, Tijuana, Hermosillo y Queretaro con los m\u00e1s altos est\u00e1ndares de calidad.","breadcrumb":{"@id":"https:\/\/iamsa.com.mx\/sustainability\/#breadcrumb"},"inLanguage":"es","potentialAction":[{"@type":"ReadAction","target":["https:\/\/iamsa.com.mx\/sustainability\/"]}]},{"@type":"ImageObject","inLanguage":"es","@id":"https:\/\/iamsa.com.mx\/sustainability\/#primaryimage","url":"https:\/\/iamsa.com.mx\/wp-content\/uploads\/2021\/05\/Mexicali-Las-Californias-III-y-CH-9-of-21-vert-683x1024.jpg","contentUrl":"https:\/\/iamsa.com.mx\/wp-content\/uploads\/2021\/05\/Mexicali-Las-Californias-III-y-CH-9-of-21-vert-683x1024.jpg"},{"@type":"BreadcrumbList","@id":"https:\/\/iamsa.com.mx\/sustainability\/#breadcrumb","itemListElement":[{"@type":"ListItem","position":1,"name":"Home","item":"https:\/\/iamsa.com.mx\/"},{"@type":"ListItem","position":2,"name":"Sustainability"}]},{"@type":"WebSite","@id":"https:\/\/iamsa.com.mx\/#website","url":"https:\/\/iamsa.com.mx\/","name":"IAMSA","description":"Development Group","potentialAction":[{"@type":"SearchAction","target":{"@type":"EntryPoint","urlTemplate":"https:\/\/iamsa.com.mx\/?s={search_term_string}"},"query-input":{"@type":"PropertyValueSpecification","valueRequired":true,"valueName":"search_term_string"}}],"inLanguage":"es"}]}},"_links":{"self":[{"href":"https:\/\/iamsa.com.mx\/es\/wp-json\/wp\/v2\/pages\/11371","targetHints":{"allow":["GET"]}}],"collection":[{"href":"https:\/\/iamsa.com.mx\/es\/wp-json\/wp\/v2\/pages"}],"about":[{"href":"https:\/\/iamsa.com.mx\/es\/wp-json\/wp\/v2\/types\/page"}],"author":[{"embeddable":true,"href":"https:\/\/iamsa.com.mx\/es\/wp-json\/wp\/v2\/users\/2"}],"replies":[{"embeddable":true,"href":"https:\/\/iamsa.com.mx\/es\/wp-json\/wp\/v2\/comments?post=11371"}],"version-history":[{"count":31,"href":"https:\/\/iamsa.com.mx\/es\/wp-json\/wp\/v2\/pages\/11371\/revisions"}],"predecessor-version":[{"id":13965,"href":"https:\/\/iamsa.com.mx\/es\/wp-json\/wp\/v2\/pages\/11371\/revisions\/13965"}],"wp:attachment":[{"href":"https:\/\/iamsa.com.mx\/es\/wp-json\/wp\/v2\/media?parent=11371"}],"curies":[{"name":"wp","href":"https:\/\/api.w.org\/{rel}","templated":true}]}}